{"id":85,"date":"2014-09-09T11:59:07","date_gmt":"2014-09-09T11:59:07","guid":{"rendered":"http:\/\/pazdesdelasaulas.org\/?page_id=85"},"modified":"2014-09-09T11:59:07","modified_gmt":"2014-09-09T11:59:07","slug":"nuestros-voluntarios","status":"publish","type":"page","link":"https:\/\/pazdesdelasaulas.org\/nuestros-voluntarios\/","title":{"rendered":"NUESTROS VOLUNTARIOS"},"content":{"rendered":"<p>Las Aulas de Paz\u2026que maravilloso proyecto. Es para mi un honor poder ser voluntario de esta incre\u00edble oportunidad y de poder acercar a los j\u00f3venes la posibilidad de sentir paz en sus vidas de una manera individual. \u00a1Ojal\u00e1 alguien hubiese venido cuando yo estaba en secundaria a hablarme de esta posibilidad!<\/p>\n<p>Estoy convencido de que este proyecto se extender\u00e1 muy r\u00e1pido y pasar\u00e1 dentro de muy poco a ser una asignatura obligatoria dentro de los colegios e institutos, porque que importante es sentirse bien con uno mismo para poder estar bien con los dem\u00e1s. Es hora de que esta posibilidad sea una realidad para todos, porque cuando esto ocurra el mundo se convertir\u00e1 en un lugar incre\u00edble para vivir sin miedos, sin violencia, y sin crisis alguna.<\/p>\n<p>Ha sido y esta siendo una experiencia incre\u00edble.<\/p>\n<p>Pablo Moraga (Madrid)<\/p>\n","protected":false},"excerpt":{"rendered":"<p>Las Aulas de Paz\u2026que maravilloso proyecto. Es para mi un honor poder ser voluntario de esta incre\u00edble oportunidad y de&#8230;<\/p>\n","protected":false},"author":1,"featured_media":0,"parent":0,"menu_order":0,"comment_status":"open","ping_status":"open","template":"","meta":{"footnotes":""},"class_list":["post-85","page","type-page","status-publish","hentry"],"_links":{"self":[{"href":"https:\/\/pazdesdelasaulas.org\/wp-json\/wp\/v2\/pages\/85","targetHints":{"allow":["GET"]}}],"collection":[{"href":"https:\/\/pazdesdelasaulas.org\/wp-json\/wp\/v2\/pages"}],"about":[{"href":"https:\/\/pazdesdelasaulas.org\/wp-json\/wp\/v2\/types\/page"}],"author":[{"embeddable":true,"href":"https:\/\/pazdesdelasaulas.org\/wp-json\/wp\/v2\/users\/1"}],"replies":[{"embeddable":true,"href":"https:\/\/pazdesdelasaulas.org\/wp-json\/wp\/v2\/comments?post=85"}],"version-history":[{"count":1,"href":"https:\/\/pazdesdelasaulas.org\/wp-json\/wp\/v2\/pages\/85\/revisions"}],"predecessor-version":[{"id":86,"href":"https:\/\/pazdesdelasaulas.org\/wp-json\/wp\/v2\/pages\/85\/revisions\/86"}],"wp:attachment":[{"href":"https:\/\/pazdesdelasaulas.org\/wp-json\/wp\/v2\/media?parent=85"}],"curies":[{"name":"wp","href":"https:\/\/api.w.org\/{rel}","templated":true}]}}