{"id":33,"date":"2014-09-09T10:43:14","date_gmt":"2014-09-09T10:43:14","guid":{"rendered":"http:\/\/pazdesdelasaulas.org\/?page_id=33"},"modified":"2016-03-07T00:10:43","modified_gmt":"2016-03-07T00:10:43","slug":"lugares-visitados","status":"publish","type":"page","link":"https:\/\/pazdesdelasaulas.org\/lugares-visitados\/","title":{"rendered":"LUGARES VISITADOS"},"content":{"rendered":"<div class=\"wpb_row vc_row-fluid\">\n\t<div class=\"vc_span6 wpb_column column_container\">\n\t\t<div class=\"wpb_wrapper\">\n\t\t\t\n\t<div class=\"wpb_text_column wpb_content_element \">\n\t\t<div class=\"wpb_wrapper\">\n\t\t\t<p><b>Las Palmas:<\/b><\/p>\n<p>&nbsp;<\/p>\n<p style=\"text-align: left;\">IES Siete Palmas<br \/>\nIES Feria del Atl\u00e1ntico<br \/>\nIES El Carrizal<br \/>\nIES Ingenio<br \/>\nIES Alonso Quesada<br \/>\nIES La Rocha<br \/>\nIES Fernando Sagaseta<br \/>\nIES El Bat\u00e1n<br \/>\nIES Francisco Hern\u00e1ndez Monz\u00f3n<br \/>\nIES La Isleta<br \/>\nIES Tony Gallardo<br \/>\nIES Franchy Roca<br \/>\nIES Santiago Santana D\u00edaz<br \/>\nIES Tom\u00e1s Miller<br \/>\nIES Schamann<br \/>\nIES Doramas<\/p>\n<p>&nbsp;<\/p>\n<p style=\"text-align: left;\">CEIP Europa<br \/>\nCEIP Esteban Navarro S\u00e1nchez<br \/>\nCEIP Adela Santana<br \/>\nCEIP Le\u00f3n y Castillo<br \/>\nCEIP Montiano Placeres<br \/>\nCEIP Galicia<br \/>\nCEIP Hilda Zud\u00e1n<br \/>\nCEIP Maestro Felix Santana<br \/>\nCEIP Valsequillo<br \/>\nCEIP Pedro Lezcano<br \/>\nCEIP Cambalud<br \/>\nCEIP N\u00e9stor de la Torre<br \/>\nCEIP N\u00e9stor\u00a0\u00c1lamo<\/p>\n<p>&nbsp;<\/p>\n<p style=\"text-align: left;\">Colegio privado\u00a0concertado Nuestra Se\u00f1ora del Carmen<br \/>\nColegio privado\u00a0concertado Santa Mar\u00eda de Micaela<br \/>\nColegio privado\u00a0concertado Saucillo<br \/>\nColegio privado\u00a0concertado\u00a0Los \u00c1ngeles<\/p>\n<p>&nbsp;<\/p>\n<p><b>Actividades en las que hemos participado:<\/b><\/p>\n<p>-Veguetrueque, Organizaci\u00f3n Scouts y Ayuntamiento de Las Palmas.<br \/>\n-Ruta Cultural Sol, Sal y Arte.<br \/>\n\u00c1rea de Gobierno de Coordinaci\u00f3n Territorial y Participaci\u00f3n Ciudadana.<br \/>\n-Red Escuelas Promotoras de Salud (Telde y Valsequillo).<br \/>\n-Actividades en diversas bibliotecas<br \/>\n(Por ejemplo: En la Biblioteca P\u00fablica del Estado).<br \/>\n-Conciertos y festivales.<br \/>\n-Entre otras actividades.<\/p>\n\n\t\t<\/div> \n\t<\/div> \n\t\t<\/div> \n\t<\/div> \n\n\t<div class=\"vc_span6 wpb_column column_container\">\n\t\t<div class=\"wpb_wrapper\">\n\t\t\t\n\t<div class=\"wpb_text_column wpb_content_element \">\n\t\t<div class=\"wpb_wrapper\">\n\t\t\t<p><b>Madrid:<\/b><br \/>\n<b><br \/>\n<\/b> IES Alameda de Osuna<br \/>\nIES Conde de Orgaz<br \/>\nIES Miguel Delibes<br \/>\nIES Pradolongo<br \/>\nIES Barajas<\/p>\n\n\t\t<\/div> \n\t<\/div> \n\t\t<\/div> \n\t<\/div> \n<\/div>\n","protected":false},"excerpt":{"rendered":"","protected":false},"author":1,"featured_media":0,"parent":0,"menu_order":0,"comment_status":"open","ping_status":"open","template":"","meta":{"footnotes":""},"class_list":["post-33","page","type-page","status-publish","hentry"],"_links":{"self":[{"href":"https:\/\/pazdesdelasaulas.org\/wp-json\/wp\/v2\/pages\/33","targetHints":{"allow":["GET"]}}],"collection":[{"href":"https:\/\/pazdesdelasaulas.org\/wp-json\/wp\/v2\/pages"}],"about":[{"href":"https:\/\/pazdesdelasaulas.org\/wp-json\/wp\/v2\/types\/page"}],"author":[{"embeddable":true,"href":"https:\/\/pazdesdelasaulas.org\/wp-json\/wp\/v2\/users\/1"}],"replies":[{"embeddable":true,"href":"https:\/\/pazdesdelasaulas.org\/wp-json\/wp\/v2\/comments?post=33"}],"version-history":[{"count":29,"href":"https:\/\/pazdesdelasaulas.org\/wp-json\/wp\/v2\/pages\/33\/revisions"}],"predecessor-version":[{"id":280,"href":"https:\/\/pazdesdelasaulas.org\/wp-json\/wp\/v2\/pages\/33\/revisions\/280"}],"wp:attachment":[{"href":"https:\/\/pazdesdelasaulas.org\/wp-json\/wp\/v2\/media?parent=33"}],"curies":[{"name":"wp","href":"https:\/\/api.w.org\/{rel}","templated":true}]}}