{"id":23,"date":"2014-09-09T10:35:53","date_gmt":"2014-09-09T10:35:53","guid":{"rendered":"http:\/\/pazdesdelasaulas.org\/?page_id=23"},"modified":"2014-09-09T10:36:19","modified_gmt":"2014-09-09T10:36:19","slug":"quienes-somos","status":"publish","type":"page","link":"https:\/\/pazdesdelasaulas.org\/quienes-somos\/","title":{"rendered":"QUI\u00c9NES SOMOS"},"content":{"rendered":"<div class=\"wpb_row vc_row-fluid\">\n\t<div class=\"vc_span12 wpb_column column_container\">\n\t\t<div class=\"wpb_wrapper\">\n\t\t\t<strong>La Asociaci\u00f3n Cultural Paz desde las Aulas<\/strong>, con el NIF G76174663, es una asociaci\u00f3n sin \u00e1nimo de lucro cuya finalidad es promover una cultura de paz entre los j\u00f3venes, en la que la paz interior y el bienestar individual es una alternativa posible en la vida de cada uno, y contribuir as\u00ed a aumentar la calidad de vida de todos y potenciar los valores de la paz en la sociedad.<\/p>\n<p>No difundimos ideas pol\u00edticas ni religiosas, pensamos que la paz social y la paz pol\u00edtica han de empezar por los individuos, mediante el bienestar individual.<br \/>\nDifundimos entre los j\u00f3venes un mensaje esperanzador que invita a la reflexi\u00f3n y plantea una alternativa posible a las tendencias negativas que est\u00e1n afectando a nuestra sociedad y a los individuos que la componemos.<\/p>\n<p>&nbsp;<\/p>\n<p><strong>Como dice la UNESCO:\u00a0<\/strong><\/p>\n<p><em>\u00abSi no queremos sucumbir todos en la guerra, tenemos que aprender todos a vivir en paz&#8230; la defensa de la paz debe cultivarse en el mismo lugar en el que se encuentran las semillas de la guerra: en el interior de los seres humanos\u00bb.<\/em><br \/>\n<em><br \/>\n<\/em><\/p>\n<p>Partiendo del bienestar y la paz individual se puede crear un entorno familiar y social favorable a la paz. De esta forma, aportamos nuestra peque\u00f1a contribuci\u00f3n en la b\u00fasqueda de la paz y del bienestar.<\/p>\n<p>&nbsp;<\/p>\n<p>Aun siendo conscientes de los graves problemas que nos afectan a nivel mundial y de lo insignificante que pueda parecer la aportaci\u00f3n de un grupo de voluntarios, tratamos de llevar a la pr\u00e1ctica estos ideales ayudando a quien lo desee a encontrar la paz dentro de s\u00ed mismo.<\/p>\n<p>&nbsp;<\/p>\n<p><strong> \u201cNuestro objetivo general es trabajar por una sociedad mejor, potenciando los valores de la paz y el bienestar individual, y contribuir as\u00ed a aumentar la calidad de vida de todos\u201d.<\/strong>\n\t\t<\/div> \n\t<\/div> \n<\/div>\n","protected":false},"excerpt":{"rendered":"","protected":false},"author":1,"featured_media":0,"parent":0,"menu_order":0,"comment_status":"open","ping_status":"open","template":"","meta":{"footnotes":""},"class_list":["post-23","page","type-page","status-publish","hentry"],"_links":{"self":[{"href":"https:\/\/pazdesdelasaulas.org\/wp-json\/wp\/v2\/pages\/23","targetHints":{"allow":["GET"]}}],"collection":[{"href":"https:\/\/pazdesdelasaulas.org\/wp-json\/wp\/v2\/pages"}],"about":[{"href":"https:\/\/pazdesdelasaulas.org\/wp-json\/wp\/v2\/types\/page"}],"author":[{"embeddable":true,"href":"https:\/\/pazdesdelasaulas.org\/wp-json\/wp\/v2\/users\/1"}],"replies":[{"embeddable":true,"href":"https:\/\/pazdesdelasaulas.org\/wp-json\/wp\/v2\/comments?post=23"}],"version-history":[{"count":2,"href":"https:\/\/pazdesdelasaulas.org\/wp-json\/wp\/v2\/pages\/23\/revisions"}],"predecessor-version":[{"id":25,"href":"https:\/\/pazdesdelasaulas.org\/wp-json\/wp\/v2\/pages\/23\/revisions\/25"}],"wp:attachment":[{"href":"https:\/\/pazdesdelasaulas.org\/wp-json\/wp\/v2\/media?parent=23"}],"curies":[{"name":"wp","href":"https:\/\/api.w.org\/{rel}","templated":true}]}}